{"id":12,"date":"2025-05-03T05:19:02","date_gmt":"2025-05-03T05:19:02","guid":{"rendered":"http:\/\/www.osmyapi.com\/?page_id=12"},"modified":"2025-09-19T04:42:14","modified_gmt":"2025-09-19T04:42:14","slug":"ana-sayfa","status":"publish","type":"page","link":"http:\/\/www.osmyapi.com\/","title":{"rendered":"Ana Sayfa"},"content":{"rendered":"\n<div class=\"wp-block-cover alignfull is-light\" style=\"min-height:720px;aspect-ratio:unset;\"><video class=\"wp-block-cover__video-background intrinsic-ignore\" autoplay muted loop playsinline src=\"https:\/\/www.osmyapi.com\/wp-content\/uploads\/2025\/05\/Untitled.mp4\" data-object-fit=\"cover\"><\/video><span aria-hidden=\"true\" class=\"wp-block-cover__background has-background-dim wp-block-cover__gradient-background has-background-gradient\" style=\"background-color:#FFF;background:linear-gradient(35deg,rgb(6,0,151) 0%,rgb(130,4,255) 73%,rgb(193,15,255) 100%)\"><\/span><div class=\"wp-block-cover__inner-container is-layout-flow wp-block-cover-is-layout-flow\">\n<div class=\"inherit-container-width wp-block-group alignwide is-layout-constrained wp-block-group-is-layout-constrained\">\n<div class=\"wp-block-columns is-layout-flex wp-container-core-columns-is-layout-28f84493 wp-block-columns-is-layout-flex\">\n<div class=\"wp-block-column is-layout-flow wp-block-column-is-layout-flow\" style=\"flex-basis:58%\">\n<div class=\"wp-block-columns is-layout-flex wp-container-core-columns-is-layout-28f84493 wp-block-columns-is-layout-flex\">\n<div class=\"wp-block-column is-layout-flow wp-block-column-is-layout-flow\" style=\"flex-basis:100%\">\n<h1 class=\"wp-block-heading alignfull has-text-align-left has-white-color has-text-color\">OSM YAPI <\/h1>\n<\/div>\n<\/div>\n\n\n\n<p class=\"has-white-color has-text-color\">PVC PROF\u0130L VE AKSESUARDA \u00c7\u00d6Z\u00dcM ORTA\u011eINIZ&#8230;<\/p>\n\n\n\n<div class=\"wp-block-buttons is-vertical is-content-justification-left is-layout-flex wp-container-core-buttons-is-layout-810fbbe0 wp-block-buttons-is-layout-flex\">\n<div class=\"wp-block-button\"><a class=\"wp-block-button__link wp-element-button\" href=\"#https:\/\/www.win-er.com.tr\/\">W\u0130NER<\/a><\/div>\n<\/div>\n<\/div>\n\n\n\n<div class=\"wp-block-column is-vertically-aligned-center is-layout-flow wp-block-column-is-layout-flow\" style=\"flex-basis:42%\"><\/div>\n<\/div>\n<\/div>\n<\/div><\/div>\n\n\n\n<div class=\"wp-block-group alignfull has-ast-global-color-5-background-color has-background is-layout-constrained wp-container-core-group-is-layout-9cedb757 wp-block-group-is-layout-constrained\" style=\"padding-bottom:0px\">\n<div class=\"wp-block-columns are-vertically-aligned-top is-layout-flex wp-container-core-columns-is-layout-00723822 wp-block-columns-is-layout-flex\">\n<div class=\"wp-block-column is-vertically-aligned-top is-layout-flow wp-container-core-column-is-layout-6b73ce23 wp-block-column-is-layout-flow\">\n<figure class=\"wp-block-image size-large\"><img decoding=\"async\" src=\"http:\/\/www.osmyapi.com\/wp-content\/themes\/astra\/inc\/assets\/images\/starter-content\/building.svg\" alt=\"\" class=\"wp-image-134\"\/><\/figure>\n\n\n\n<h3 class=\"wp-block-heading has-text-align-left\" style=\"margin-top:16px\">PVC PROF\u0130L <\/h3>\n\n\n\n<p class=\"has-text-align-left\">W\u0130NER <\/p>\n\n\n\n<p>ALFAPEN<\/p>\n<\/div>\n\n\n\n<div class=\"wp-block-column is-vertically-aligned-top is-layout-flow wp-container-core-column-is-layout-6b73ce23 wp-block-column-is-layout-flow\">\n<figure class=\"wp-block-image size-large\"><img decoding=\"async\" src=\"http:\/\/www.osmyapi.com\/wp-content\/themes\/astra\/inc\/assets\/images\/starter-content\/shopping-bag.svg\" alt=\"\" class=\"wp-image-135\"\/><\/figure>\n\n\n\n<h3 class=\"wp-block-heading has-text-align-left\" style=\"margin-top:16px\">PVC AKSESUAR <\/h3>\n\n\n\n<p class=\"has-text-align-left\">KAYA PEN ENDOW SELECTRON PROCESS SOUDAL<\/p>\n\n\n\n<p><\/p>\n\n\n\n<p><\/p>\n\n\n\n<p><\/p>\n<\/div>\n\n\n\n<div class=\"wp-block-column is-vertically-aligned-top is-layout-flow wp-container-core-column-is-layout-6b73ce23 wp-block-column-is-layout-flow\">\n<figure class=\"wp-block-image size-large\"><img decoding=\"async\" src=\"http:\/\/www.osmyapi.com\/wp-content\/themes\/astra\/inc\/assets\/images\/starter-content\/blog.svg\" alt=\"\" class=\"wp-image-136\"\/><\/figure>\n\n\n\n<h3 class=\"wp-block-heading has-text-align-left\" style=\"margin-top:16px\">ALUM\u0130NYUM<\/h3>\n\n\n\n<p class=\"has-text-align-left\">ALUM\u0130NYUM K\u00dcPE\u015eTE AKSESUAR ALDOX S\u0130NEKL\u0130K C 60 <\/p>\n\n\n\n<p><\/p>\n<\/div>\n\n\n\n<div class=\"wp-block-column is-vertically-aligned-top is-layout-flow wp-container-core-column-is-layout-6b73ce23 wp-block-column-is-layout-flow\">\n<figure class=\"wp-block-image size-large\"><img decoding=\"async\" src=\"http:\/\/www.osmyapi.com\/wp-content\/themes\/astra\/inc\/assets\/images\/starter-content\/portfolio.svg\" alt=\"\" class=\"wp-image-137\"\/><\/figure>\n\n\n\n<h3 class=\"wp-block-heading has-text-align-left\" style=\"margin-top:16px\">TAMAMLAYICI \u00dcR\u00dcNLER<\/h3>\n\n\n\n<p class=\"has-text-align-left\">LAMBR\u0130 K\u00d6\u015eEBENT HIRDAVAT<\/p>\n<\/div>\n<\/div>\n<\/div>\n\n\n\n<div class=\"wp-block-group alignfull is-layout-constrained wp-container-core-group-is-layout-45b0ac4f wp-block-group-is-layout-constrained\" id=\"services\" style=\"padding-top:144px;padding-bottom:0px\">\n<h2 class=\"wp-block-heading\">\u015eUBELER\u0130M\u0130Z <\/h2>\n\n\n\n<div class=\"wp-block-columns is-layout-flex wp-container-core-columns-is-layout-60cbf9bb wp-block-columns-is-layout-flex\" style=\"margin-top:50px\">\n<div class=\"wp-block-column is-layout-flow wp-container-core-column-is-layout-6b73ce23 wp-block-column-is-layout-flow\">\n<figure class=\"wp-block-image size-full\"><img loading=\"lazy\" decoding=\"async\" width=\"2560\" height=\"1440\" src=\"http:\/\/www.osmyapi.com\/wp-content\/uploads\/2025\/05\/WhatsApp-Image-2025-05-03-at-12.45.33-scaled.jpeg\" alt=\"\" class=\"wp-image-49\" srcset=\"http:\/\/www.osmyapi.com\/wp-content\/uploads\/2025\/05\/WhatsApp-Image-2025-05-03-at-12.45.33-scaled.jpeg 2560w, http:\/\/www.osmyapi.com\/wp-content\/uploads\/2025\/05\/WhatsApp-Image-2025-05-03-at-12.45.33-300x169.jpeg 300w, http:\/\/www.osmyapi.com\/wp-content\/uploads\/2025\/05\/WhatsApp-Image-2025-05-03-at-12.45.33-1024x576.jpeg 1024w, http:\/\/www.osmyapi.com\/wp-content\/uploads\/2025\/05\/WhatsApp-Image-2025-05-03-at-12.45.33-768x432.jpeg 768w, http:\/\/www.osmyapi.com\/wp-content\/uploads\/2025\/05\/WhatsApp-Image-2025-05-03-at-12.45.33-1536x864.jpeg 1536w, http:\/\/www.osmyapi.com\/wp-content\/uploads\/2025\/05\/WhatsApp-Image-2025-05-03-at-12.45.33-2048x1152.jpeg 2048w\" sizes=\"auto, (max-width: 2560px) 100vw, 2560px\" \/><\/figure>\n\n\n\n<h3 class=\"wp-block-heading\" style=\"margin-top:16px\">\u0130ZM\u0130R MERKEZ <\/h3>\n\n\n\n<p>KARABA\u011eLAR \/ \u0130ZM\u0130R <\/p>\n\n\n\n<p>OSM YAPI<\/p>\n\n\n\n<p>0532 574 30 69<\/p>\n\n\n\n<iframe src=\"https:\/\/www.google.com\/maps\/embed?pb=!1m18!1m12!1m3!1d3127.3844439672157!2d27.13521507635249!3d38.38635917669506!2m3!1f0!2f0!3f0!3m2!1i1024!2i768!4f13.1!3m3!1m2!1s0x14bbdfa49162616d%3A0xb8f637a5aa01677b!2sOsm%20yapi%20pvc%20aksesuarlar%C4%B1!5e0!3m2!1str!2str!4v1746424785845!5m2!1str!2str\" width=\"400\" height=\"250\" style=\"border:0;\" allowfullscreen=\"\" loading=\"lazy\" referrerpolicy=\"no-referrer-when-downgrade\"><\/iframe>\n<\/div>\n\n\n\n<div class=\"wp-block-column is-layout-flow wp-container-core-column-is-layout-6b73ce23 wp-block-column-is-layout-flow\">\n<figure class=\"wp-block-image size-full\"><img loading=\"lazy\" decoding=\"async\" width=\"1599\" height=\"899\" src=\"http:\/\/www.osmyapi.com\/wp-content\/uploads\/2025\/05\/306d2588-6bf0-47f0-8a1c-746aa7f76564.jpg\" alt=\"\" class=\"wp-image-50\" srcset=\"http:\/\/www.osmyapi.com\/wp-content\/uploads\/2025\/05\/306d2588-6bf0-47f0-8a1c-746aa7f76564.jpg 1599w, http:\/\/www.osmyapi.com\/wp-content\/uploads\/2025\/05\/306d2588-6bf0-47f0-8a1c-746aa7f76564-300x169.jpg 300w, http:\/\/www.osmyapi.com\/wp-content\/uploads\/2025\/05\/306d2588-6bf0-47f0-8a1c-746aa7f76564-1024x576.jpg 1024w, http:\/\/www.osmyapi.com\/wp-content\/uploads\/2025\/05\/306d2588-6bf0-47f0-8a1c-746aa7f76564-768x432.jpg 768w, http:\/\/www.osmyapi.com\/wp-content\/uploads\/2025\/05\/306d2588-6bf0-47f0-8a1c-746aa7f76564-1536x864.jpg 1536w\" sizes=\"auto, (max-width: 1599px) 100vw, 1599px\" \/><\/figure>\n\n\n\n<h3 class=\"wp-block-heading\" style=\"margin-top:16px\">DEN\u0130ZL\u0130 \u015eUBE<\/h3>\n\n\n\n<p>MERKEZEFEND\u0130 \/ DEN\u0130ZL\u0130 <\/p>\n\n\n\n<p>ERG\u00dcN \u00c7AM<\/p>\n\n\n\n<p>0532 068 42 83 <\/p>\n\n\n\n<iframe src=\"https:\/\/www.google.com\/maps\/embed?pb=!1m18!1m12!1m3!1d3152.318636988568!2d29.09187177633169!3d37.806004910359654!2m3!1f0!2f0!3f0!3m2!1i1024!2i768!4f13.1!3m3!1m2!1s0x14c73fe4c787ae53%3A0xbf400440be471837!2sOSM%20YAPI%20PVC%26AKSESUAR_%20DEN%C4%B0ZL%C4%B0!5e0!3m2!1str!2str!4v1746703436895!5m2!1str!2str\" width=\"400\" height=\"250\" style=\"border:0;\" allowfullscreen=\"\" loading=\"lazy\" referrerpolicy=\"no-referrer-when-downgrade\"><\/iframe>\n<\/div>\n\n\n\n<div class=\"wp-block-column is-layout-flow wp-container-core-column-is-layout-6b73ce23 wp-block-column-is-layout-flow\">\n<figure class=\"wp-block-image size-full is-resized\"><img loading=\"lazy\" decoding=\"async\" width=\"1600\" height=\"1200\" src=\"https:\/\/www.osmyapi.com\/wp-content\/uploads\/2025\/05\/58982dca-8849-40b6-ac07-51047e2cf1b1.jpg\" alt=\"\" class=\"wp-image-57\" style=\"width:291px;height:auto\" srcset=\"http:\/\/www.osmyapi.com\/wp-content\/uploads\/2025\/05\/58982dca-8849-40b6-ac07-51047e2cf1b1.jpg 1600w, http:\/\/www.osmyapi.com\/wp-content\/uploads\/2025\/05\/58982dca-8849-40b6-ac07-51047e2cf1b1-300x225.jpg 300w, http:\/\/www.osmyapi.com\/wp-content\/uploads\/2025\/05\/58982dca-8849-40b6-ac07-51047e2cf1b1-1024x768.jpg 1024w, http:\/\/www.osmyapi.com\/wp-content\/uploads\/2025\/05\/58982dca-8849-40b6-ac07-51047e2cf1b1-768x576.jpg 768w, http:\/\/www.osmyapi.com\/wp-content\/uploads\/2025\/05\/58982dca-8849-40b6-ac07-51047e2cf1b1-1536x1152.jpg 1536w\" sizes=\"auto, (max-width: 1600px) 100vw, 1600px\" \/><\/figure>\n\n\n\n<h3 class=\"wp-block-heading\" style=\"margin-top:16px\">KONYA \u015eUBE<\/h3>\n\n\n\n<p>SEL\u00c7UKLU \/ KONYA<\/p>\n\n\n\n<p>RECEP ACAR<\/p>\n\n\n\n<p>0544 826 77 60<\/p>\n\n\n\n<iframe src=\"https:\/\/www.google.com\/maps\/embed?pb=!1m18!1m12!1m3!1d3146.371355456563!2d32.51305007633669!3d37.94511420232879!2m3!1f0!2f0!3f0!3m2!1i1024!2i768!4f13.1!3m3!1m2!1s0x14d08f8deea05a0d%3A0x3fb35fc006048364!2sO.S.M%20YAP%C4%B0%20PVC%20AKSESUAR%20KONYA%20%C5%9EUBE!5e0!3m2!1str!2str!4v1746425983798!5m2!1str!2str\" width=\"400\" height=\"250\" style=\"border:0;\" allowfullscreen=\"\" loading=\"lazy\" referrerpolicy=\"no-referrer-when-downgrade\"><\/iframe>\n<\/div>\n<\/div>\n<\/div>\n\n\n\n<div class=\"wp-block-group alignfull has-ast-global-color-5-background-color has-background is-layout-constrained wp-container-core-group-is-layout-94d206d0 wp-block-group-is-layout-constrained\" id=\"about\" style=\"padding-top:143px;padding-bottom:144px\">\n<div class=\"wp-block-media-text has-media-on-the-right is-stacked-on-mobile is-vertically-aligned-center\"><div class=\"wp-block-media-text__content\">\n<div class=\"inherit-container-width wp-block-group is-layout-constrained wp-container-core-group-is-layout-47ce07ec wp-block-group-is-layout-constrained\" style=\"padding-right:80px\">\n<h2 class=\"wp-block-heading\" style=\"padding-right:40px\">\u00dcRET\u0130M TES\u0130S\u0130<\/h2>\n\n\n\n<p>Firmam\u0131z, plastik pencere \u00fcretimi alan\u0131nda modern teknolojilerle donat\u0131lm\u0131\u015f, 1.000 m\u00b2 kapal\u0131 \u00fcretim alan\u0131na sahip bir tesiste faaliyet g\u00f6stermektedir. Y\u00fcksek kalite ve hassasiyet gerektiren \u00fcretim s\u00fcre\u00e7lerimiz, tam otomatik ve yeni nesil CNC makineler ile y\u00fcr\u00fct\u00fclmektedir.<\/p>\n\n\n\n<p>Deneyimli ve alan\u0131nda uzman ekibimizle, dayan\u0131kl\u0131, estetik ve enerji verimlili\u011fi y\u00fcksek pencere sistemleri \u00fcretmeyi ilke ediniyoruz. M\u00fc\u015fterilerimizin beklentilerini a\u015fmak i\u00e7in her a\u015famada titizlikle \u00e7al\u0131\u015f\u0131yor, ulusal ve uluslararas\u0131 standartlara uygun \u00e7\u00f6z\u00fcmler sunuyoruz.<\/p>\n\n\n\n<p>Yenilik\u00e7i yakla\u015f\u0131m\u0131m\u0131z, g\u00fc\u00e7l\u00fc \u00fcretim kapasitemiz ve m\u00fc\u015fteri memnuniyetine verdi\u011fimiz \u00f6nemle plastik pencere sekt\u00f6r\u00fcnde g\u00fcvenilir bir partner olmay\u0131 s\u00fcrd\u00fcr\u00fcyoruz.<\/p>\n<\/div>\n<\/div><figure class=\"wp-block-media-text__media\"><img loading=\"lazy\" decoding=\"async\" width=\"1024\" height=\"688\" src=\"https:\/\/www.osmyapi.com\/wp-content\/uploads\/2025\/09\/95a459b0-ec2b-4ad1-8a6a-1872162ffd90-1024x688.jpg\" alt=\"\" class=\"wp-image-83 size-full\" srcset=\"http:\/\/www.osmyapi.com\/wp-content\/uploads\/2025\/09\/95a459b0-ec2b-4ad1-8a6a-1872162ffd90-1024x688.jpg 1024w, http:\/\/www.osmyapi.com\/wp-content\/uploads\/2025\/09\/95a459b0-ec2b-4ad1-8a6a-1872162ffd90-300x202.jpg 300w, http:\/\/www.osmyapi.com\/wp-content\/uploads\/2025\/09\/95a459b0-ec2b-4ad1-8a6a-1872162ffd90-768x516.jpg 768w, http:\/\/www.osmyapi.com\/wp-content\/uploads\/2025\/09\/95a459b0-ec2b-4ad1-8a6a-1872162ffd90-1536x1032.jpg 1536w, http:\/\/www.osmyapi.com\/wp-content\/uploads\/2025\/09\/95a459b0-ec2b-4ad1-8a6a-1872162ffd90.jpg 1600w\" sizes=\"auto, (max-width: 1024px) 100vw, 1024px\" \/><\/figure><\/div>\n<\/div>\n\n\n\n<div id=\"reviews\" class=\"wp-block-group has-ast-global-color-4-background-color has-background is-layout-constrained wp-container-core-group-is-layout-6a2cfb7b wp-block-group-is-layout-constrained\">\n<p class=\"has-text-align-center\" style=\"font-size:22px;line-height:1.6\">OSM \u00dcRET\u0130M TES\u0130S\u0130 &#8211; HAZIR DO\u011eRAMA<\/p>\n\n\n\n<p class=\"has-text-align-center\" style=\"font-size:22px;line-height:1.6\">0532 574 30 69<\/p>\n\n\n\n<iframe src=\"https:\/\/www.google.com\/maps\/embed?pb=!1m18!1m12!1m3!1d3131.6665001224355!2d27.135816799999997!3d38.28722299999999!2m3!1f0!2f0!3f0!3m2!1i1024!2i768!4f13.1!3m3!1m2!1s0x6455ef1650412307%3A0x2b959c137bc90cdb!2zT1NNIEtBUEkgUEVOQ0VSRSDDnFJFVMSwTSBURVPEsFPEsA!5e0!3m2!1str!2str!4v1758256238998!5m2!1str!2str\" width=\"1500\" height=\"600\" style=\"border:0;\" allowfullscreen=\"\" loading=\"lazy\" referrerpolicy=\"no-referrer-when-downgrade\"><\/iframe>\n\n\n\n<p class=\"has-text-align-center\" style=\"font-size:22px;line-height:1.6\"><\/p>\n\n\n\n<div class=\"wp-block-columns are-vertically-aligned-center is-layout-flex wp-container-core-columns-is-layout-28f84493 wp-block-columns-is-layout-flex\">\n<div class=\"wp-block-column is-vertically-aligned-center is-layout-flow wp-block-column-is-layout-flow\" style=\"flex-basis:100%\">\n<div class=\"wp-block-columns is-layout-flex wp-container-core-columns-is-layout-28f84493 wp-block-columns-is-layout-flex\">\n<div class=\"wp-block-column is-layout-flow wp-block-column-is-layout-flow\" style=\"flex-basis:100%\"><\/div>\n<\/div>\n<\/div>\n<\/div>\n\n\n\n<p class=\"has-text-align-center\"><\/p>\n\n\n\n<p class=\"has-text-align-center\"><\/p>\n\n\n\n<p class=\"has-text-align-center\"><\/p>\n\n\n\n<p class=\"has-text-align-center\"><\/p>\n<\/div>\n\n\n\n<div class=\"wp-block-group alignfull is-layout-constrained wp-container-core-group-is-layout-3fee123f wp-block-group-is-layout-constrained\" id=\"whyus\" style=\"padding-top:144px;padding-bottom:144px\">\n<h2 class=\"wp-block-heading\">NEDEN B\u0130Z ?<\/h2>\n\n\n\n<div class=\"wp-block-columns is-layout-flex wp-container-core-columns-is-layout-29aadeec wp-block-columns-is-layout-flex\" style=\"margin-top:60px\">\n<div class=\"wp-block-column is-layout-flow wp-container-core-column-is-layout-6b73ce23 wp-block-column-is-layout-flow\">\n<figure class=\"wp-block-image size-large\"><img decoding=\"async\" src=\"http:\/\/www.osmyapi.com\/wp-content\/themes\/astra\/inc\/assets\/images\/starter-content\/passionate.svg\" alt=\"\" class=\"wp-image-162\"\/><\/figure>\n\n\n\n<h3 class=\"wp-block-heading\" style=\"margin-top:16px\">M\u00dc\u015eTER\u0130 MEMNUYET\u0130<\/h3>\n\n\n\n<p>Sizlerin ihtiya\u00e7 ve beklentilerini a\u00e7\u0131k, \u015feffaf, h\u0131zl\u0131, g\u00fcven verici ve m\u00fc\u015fteri odakl\u0131 bir \u015fekilde, kaliteli hizmet sunma anlay\u0131\u015f\u0131yla ele al\u0131yoruz<\/p>\n\n\n\n<p>Sat\u0131\u015f \u00f6ncesinde ve sat\u0131\u015f sonras\u0131nda t\u00fcm s\u00fcre\u00e7lerimizi \u201cm\u00fc\u015fteri odakl\u0131&#8221; bir yakla\u015f\u0131mla ger\u00e7ekle\u015ftiriyoruz.<\/p>\n\n\n\n<p><\/p>\n<\/div>\n\n\n\n<div class=\"wp-block-column is-layout-flow wp-container-core-column-is-layout-6b73ce23 wp-block-column-is-layout-flow\">\n<figure class=\"wp-block-image size-large\"><img decoding=\"async\" src=\"http:\/\/www.osmyapi.com\/wp-content\/themes\/astra\/inc\/assets\/images\/starter-content\/professional.svg\" alt=\"\" class=\"wp-image-163\"\/><\/figure>\n\n\n\n<h3 class=\"wp-block-heading\" style=\"margin-top:16px\">PROFOSYONEL<\/h3>\n\n\n\n<p>G\u00dcNCEL GEL\u0130\u015eMELER\u0130 TAK\u0130P ED\u0130YOR,S\u0130ZLER \u0130\u00c7\u0130N \u00dcR\u00dcN YELPAZEM\u0130Z\u0130 S\u00dcREKL\u0130 YEN\u0130L\u0130YORUZ.<\/p>\n<\/div>\n\n\n\n<div class=\"wp-block-column is-layout-flow wp-container-core-column-is-layout-6b73ce23 wp-block-column-is-layout-flow\">\n<figure class=\"wp-block-image size-large\"><img decoding=\"async\" src=\"http:\/\/www.osmyapi.com\/wp-content\/themes\/astra\/inc\/assets\/images\/starter-content\/support.svg\" alt=\"\" class=\"wp-image-164\"\/><\/figure>\n\n\n\n<h3 class=\"wp-block-heading\" style=\"margin-top:16px\">TAM DESTEK<\/h3>\n\n\n\n<p>M\u00dc\u015eTER\u0130LER\u0130M\u0130ZE ZAMANINDA VE KES\u0130NT\u0130S\u0130Z H\u0130ZMET SA\u011eLIYORUZ.<\/p>\n<\/div>\n<\/div>\n<\/div>\n\n\n\n<div class=\"wp-block-group alignfull has-background is-content-justification-left is-layout-constrained wp-container-core-group-is-layout-2659e53a wp-block-group-is-layout-constrained\" id=\"contact\" style=\"background:linear-gradient(35deg,rgb(6,0,151) 0%,rgb(130,4,255) 64%,rgb(193,15,255) 98%);padding-top:104px;padding-bottom:104px\">\n<div class=\"wp-block-columns is-layout-flex wp-container-core-columns-is-layout-28f84493 wp-block-columns-is-layout-flex\">\n<div class=\"wp-block-column is-layout-flow wp-block-column-is-layout-flow\" style=\"flex-basis:100%\">\n<h1 class=\"wp-block-heading has-text-align-center has-text-color\" style=\"color:#ffffff\">OSM YAPI <\/h1>\n\n\n\n<div class=\"wp-block-group is-layout-grid wp-container-core-group-is-layout-478b6e6b wp-block-group-is-layout-grid\"><\/div>\n<\/div>\n<\/div>\n\n\n\n<div class=\"wp-block-buttons alignwide is-horizontal is-content-justification-right is-layout-flex wp-container-core-buttons-is-layout-cb7455fe wp-block-buttons-is-layout-flex\" style=\"margin-top:50px\">\n<div class=\"wp-block-button\"><a class=\"wp-block-button__link wp-element-button\">OSMAN T\u00dcRK\u00d6Z\u00dc<\/a><\/div>\n<\/div>\n\n\n\n<h2 class=\"wp-block-heading has-text-align-center has-text-color\" style=\"color:#ffffff\"><\/h2>\n<\/div>\n","protected":false},"excerpt":{"rendered":"<p>PVC PROF\u0130L W\u0130NER ALFAPEN PVC AKSESUAR KAYA PEN ENDOW SELECTRON PROCESS SOUDAL ALUM\u0130NYUM ALUM\u0130NYUM K\u00dcPE\u015eTE AKSESUAR ALDOX S\u0130NEKL\u0130K C 60 [&hellip;]<\/p>\n","protected":false},"author":1,"featured_media":0,"parent":0,"menu_order":0,"comment_status":"closed","ping_status":"closed","template":"","meta":{"site-sidebar-layout":"no-sidebar","site-content-layout":"plain-container","ast-site-content-layout":"default","site-content-style":"default","site-sidebar-style":"default","ast-global-header-display":"","ast-banner-title-visibility":"","ast-main-header-display":"","ast-hfb-above-header-display":"","ast-hfb-below-header-display":"","ast-hfb-mobile-header-display":"","site-post-title":"disabled","ast-breadcrumbs-content":"","ast-featured-img":"","footer-sml-layout":"","ast-disable-related-posts":"","theme-transparent-header-meta":"enabled","adv-header-id-meta":"","stick-header-meta":"","header-above-stick-meta":"","header-main-stick-meta":"","header-below-stick-meta":"","astra-migrate-meta-layouts":"default","ast-page-background-enabled":"default","ast-page-background-meta":{"desktop":{"background-color":"var(--ast-global-color-5)","background-image":"","background-repeat":"repeat","background-position":"center center","background-size":"auto","background-attachment":"scroll","background-type":"","background-media":"","overlay-type":"","overlay-color":"","overlay-opacity":"","overlay-gradient":""},"tablet":{"background-color":"","background-image":"","background-repeat":"repeat","background-position":"center center","background-size":"auto","background-attachment":"scroll","background-type":"","background-media":"","overlay-type":"","overlay-color":"","overlay-opacity":"","overlay-gradient":""},"mobile":{"background-color":"","background-image":"","background-repeat":"repeat","background-position":"center center","background-size":"auto","background-attachment":"scroll","background-type":"","background-media":"","overlay-type":"","overlay-color":"","overlay-opacity":"","overlay-gradient":""}},"ast-content-background-meta":{"desktop":{"background-color":"var(--ast-global-color-4)","background-image":"","background-repeat":"repeat","background-position":"center center","background-size":"auto","background-attachment":"scroll","background-type":"","background-media":"","overlay-type":"","overlay-color":"","overlay-opacity":"","overlay-gradient":""},"tablet":{"background-color":"var(--ast-global-color-4)","background-image":"","background-repeat":"repeat","background-position":"center center","background-size":"auto","background-attachment":"scroll","background-type":"","background-media":"","overlay-type":"","overlay-color":"","overlay-opacity":"","overlay-gradient":""},"mobile":{"background-color":"var(--ast-global-color-4)","background-image":"","background-repeat":"repeat","background-position":"center center","background-size":"auto","background-attachment":"scroll","background-type":"","background-media":"","overlay-type":"","overlay-color":"","overlay-opacity":"","overlay-gradient":""}},"footnotes":""},"class_list":["post-12","page","type-page","status-publish","hentry"],"_links":{"self":[{"href":"http:\/\/www.osmyapi.com\/index.php\/wp-json\/wp\/v2\/pages\/12","targetHints":{"allow":["GET"]}}],"collection":[{"href":"http:\/\/www.osmyapi.com\/index.php\/wp-json\/wp\/v2\/pages"}],"about":[{"href":"http:\/\/www.osmyapi.com\/index.php\/wp-json\/wp\/v2\/types\/page"}],"author":[{"embeddable":true,"href":"http:\/\/www.osmyapi.com\/index.php\/wp-json\/wp\/v2\/users\/1"}],"replies":[{"embeddable":true,"href":"http:\/\/www.osmyapi.com\/index.php\/wp-json\/wp\/v2\/comments?post=12"}],"version-history":[{"count":34,"href":"http:\/\/www.osmyapi.com\/index.php\/wp-json\/wp\/v2\/pages\/12\/revisions"}],"predecessor-version":[{"id":102,"href":"http:\/\/www.osmyapi.com\/index.php\/wp-json\/wp\/v2\/pages\/12\/revisions\/102"}],"wp:attachment":[{"href":"http:\/\/www.osmyapi.com\/index.php\/wp-json\/wp\/v2\/media?parent=12"}],"curies":[{"name":"wp","href":"https:\/\/api.w.org\/{rel}","templated":true}]}}